{"id":5289,"date":"2020-03-03T14:45:10","date_gmt":"2020-03-03T05:45:10","guid":{"rendered":"http:\/\/www.muchachaen.jp\/?page_id=5289"},"modified":"2025-02-27T11:44:51","modified_gmt":"2025-02-27T02:44:51","slug":"%e3%83%95%e3%82%a1%e3%83%bc%e3%83%9e%e3%83%bc%e3%82%ba%e3%83%a6%e3%83%8b%e3%82%aa%e3%83%b3%e3%83%99%e3%83%b3%e3%83%81%e3%83%a3%e3%83%bc-farmers-union-venture-co-ltd","status":"publish","type":"page","link":"https:\/\/www.muchachaen.jp\/?page_id=5289","title":{"rendered":"\u30d5\u30a1\u30fc\u30de\u30fc\u30ba\u30e6\u30cb\u30aa\u30f3\u30d9\u30f3\u30c1\u30e3\u30fc Farmers Union Venture Co.,Ltd"},"content":{"rendered":"<div id=\"container\" class=\"tenpo_jirushi page-fu-venture\">\n<div class=\"boxTop baseW\">\n<h2 class=\"ttl01\">\n      <span class=\"ttlJa\">\u30d5\u30a1\u30fc\u30de\u30fc\u30ba\u30e6\u30cb\u30aa\u30f3<br class=\"sp_only\">\u30d9\u30f3\u30c1\u30e3\u30fc<\/span><br \/>\n      <span class=\"ttlEn\">Farmers Union Venture <br class=\"sp_only\">Co.,Ltd<\/span><br \/>\n    <\/h2>\n<\/p><\/div>\n<p><!--\/.boxTop--><\/p>\n<div class=\"boxContent boxNews\">\n<div class=\"baseW\">\n<div class=\"boxBreadcrumb\">\n<div class=\"breadcrumb\">\n<div itemscope=\"\" itemtype=\"http:\/\/data-vocabulary.org\/Breadcrumb\"><a href=\"http:\/\/www.muchachaen.jp\" itemprop=\"url\"><span itemprop=\"title\" class=\"fontEn\">HOME<\/span><\/a><\/div>\n<p><span class=\"sepaBreadcrumb\">&gt;<\/span><\/p>\n<div>\u30d5\u30a1\u30fc\u30de\u30fc\u30ba\u30e6\u30cb\u30aa\u30f3\u30d9\u30f3\u30c1\u30e3\u30fc<\/div>\n<\/div><\/div>\n<\/p><\/div>\n<div class=\"boxNews01 baseW\">\n<div class=\"boxNews01LR\">\n<div class=\"boxSide typeTenpojirushi\">\n  <div class=\"boxSide01\">\n    <div class=\"boxSide0101\">\n      <nav>\n      <ul class=\"ulSide01\">\n        <li>\n          <span>\u7121\u8336\u3005\u5712\u306e\u4ef2\u9593<\/span>\n\t\t\t\t\t<div>\n\t\t\t\t\t\t<a href=\"https:\/\/www.muchachaen.jp\/?page_id=5486\/#sec02\">\n\t\t\t\t\t\t\t<p>\u8fb2\u696d\u751f\u7523<\/p><p>\u8fb2\u4e8b\u7d44\u5408\u6cd5\u4eba \u7121\u8336\u3005\u5712<\/p>\n\t\t\t\t\t\t<\/a>\n\t\t\t\t\t<\/div>\n\t\t\t\t\t<div>\n\t\t\t\t\t\t<a href=\"https:\/\/www.muchachaen.jp\/?page_id=5192\">\n\t\t\t\t\t\t\t<p>\u8fb2\u696d\u751f\u7523<\/p><p>\u6709\u9650\u4f1a\u793e \u3066\u3093\u307d\u5370<\/p>\n\t\t\t\t\t\t<\/a>\n\t\t\t\t\t<\/div>\n\t\t\t\t\t<div>\n\t\t\t\t\t\t<a href=\"https:\/\/www.muchachaen.jp\/?page_id=5486\/#sec04\">\n\t\t\t\t\t\t\t<p>\u8fb2\u696d\u751f\u7523<\/p><p>\u56db\u56fd\u30a8\u30b3\u30cd\u30c3\u30c8<\/p>\n\t\t\t\t\t\t<\/a>\n\t\t\t\t\t<\/div>\n\t\t\t\t\t<div>\n\t\t\t\t\t\t<a href=\"https:\/\/www.muchachaen.jp\/?page_id=6529\">\n\t\t\t\t\t\t\t<p>\u8ca9\u58f2<\/p><p>\u682a\u5f0f\u4f1a\u793e \u5730\u57df\u6cd5\u4eba\u7121\u8336\u3005\u5712<\/p>\n\t\t\t\t\t\t<\/a>\n\t\t\t\t\t<\/div>\n\t\t\t\t\t<div>\n\t\t\t\t\t\t<a href=\"https:\/\/www.muchachaen.jp\/?page_id=5486\/#sec05\">\n\t\t\t\t\t\t\t<p>\u5730\u57df<\/p><p>\u6d77\u306e\u751f\u7523\u8005<\/p>\n\t\t\t\t\t\t<\/a>\n\t\t\t\t\t<\/div>\n\t\t\t\t\t<div>\n\t\t\t\t\t\t<a href=\"https:\/\/www.muchachaen.jp\/?page_id=5486\/#sec08\">\n\t\t\t\t\t\t\t<p>\u5730\u57df<\/p><p>\u682a\u5f0f\u4f1a\u793e \u767e\u7b11\u4e00\u8f1d<\/p>\n\t\t\t\t\t\t<\/a>\n\t\t\t\t\t<\/div>\n\t\t\t\t\t<div>\n\t\t\t\t\t\t<a href=\"https:\/\/www.muchachaen.jp\/?page_id=5289\">\n\t\t\t\t\t\t\t<p>\u6d77\u5916<\/p><p>\u30d5\u30a1\u30fc\u30de\u30fc\u30ba\u30e6\u30cb\u30aa\u30f3\u30d9\u30f3\u30c1\u30e3\u30fc<\/p>\n\t\t\t\t\t\t<\/a>\n\t\t\t\t\t<\/div>\n        <\/li>\n      <\/ul>\n      <\/nav>\n    <\/div><!--\/.boxSide0101-->\n  <\/div><!--\/.boxSide01-->\n\n\n<\/div><!--\/.boxSide-->\t\n<div class=\"boxListWrap\">\n<div class=\"boxList\">\n<section id=\"sec01\">\n<div class=\"inner_box\">\n<h2>\u30d9\u30c8\u30ca\u30e0\u306b\u304a\u3051\u308b<br class=\"sp_only\">\u5b89\u5168\u30fb\u5b89\u5fc3\u306a\u8fb2\u696d\u306e\u666e\u53ca\u3068<br \/>\u8ab0\u3082\u304c\u4e3b\u5f79\u306b\u306a\u308c\u308b<br class=\"sp_only\">\u30d3\u30b8\u30cd\u30b9\u3092<\/h2>\n<div class=\"img mb40\"><img decoding=\"async\" src=\"https:\/\/www.muchachaen.jp\/images\/fu-venture\/img_01.jpg\" alt=\"\"><\/div>\n<div class=\"txt\">\n<p>\u30d5\u30a1\u30fc\u30de\u30fc\u30ba\u30e6\u30cb\u30aa\u30f3\u30d9\u30f3\u30c1\u30e3\u30fc\uff08\u901a\u79f0FUV\uff09\u306f\u3001\u30d9\u30c8\u30ca\u30e0\u306e\u65b0\u3057\u3044\u8fb2\u696d\u3084\u751f\u304d\u65b9\u3092\u6a21\u7d22\u3057\u3066\u3044\u304f\u7d44\u7e54\u3067\u3059\u3002<br \/>\u30d9\u30c8\u30ca\u30e0\u4e2d\u90e8\u9ad8\u539f\u306e\u30d0\u30f3\u30e1\u30c8\u30fc\u30c8\u5e02\u306b\u8fb2\u5834\u3092\u6301\u3061\u3001\u91ce\u83dc\u3084\u679c\u6a39\u306e\u7121\u8fb2\u85ac\u30fb\u7121\u5316\u5b66\u80a5\u6599\u683d\u57f9\u3068\u3001\u30d9\u30c8\u30ca\u30e0\u4e2d\u90e8\u9ad8\u539f\u306e\u7279\u7523\u54c1\u3067\u3042\u308b\u30b3\u30b7\u30e7\u30a6\u3084\u30ab\u30ab\u30aa\u306a\u3069\u306e\u751f\u7523\u7ba1\u7406\u54c1\u30fb\u8f38\u51fa\u3092\u884c\u3063\u3066\u3044\u307e\u3059\u3002\u30b9\u30bf\u30c3\u30d5\u306f\u5168\u3066\u5730\u5143\u306b\u66ae\u3089\u3059\u5973\u6027\u305f\u3061\u3002<\/p>\n<p>\u30d9\u30c8\u30ca\u30e0\u306b\u304a\u3051\u308b\u5b89\u5168\u30fb\u5b89\u5fc3\u306a\u8fb2\u696d\u306e\u666e\u53ca\u3068\u3001\u4e2d\u90e8\u9ad8\u539f\u306e\u5730\u57df\u8cc7\u6e90\u3092\u5546\u54c1\u5316\u3059\u308b\u3053\u3068\u3067\u3001\u8ab0\u3082\u304c\u4e3b\u5f79\u306b\u306a\u308c\u308b\u30d3\u30b8\u30cd\u30b9\u3092\u4f5c\u308a\u4e0a\u3052\u308b\u3053\u3068\u304c\u76ee\u6a19\u3067\u3059\u3002<\/p>\n<p>\u30d9\u30c8\u30ca\u30e0\u56fd\u5185\u3067\u6d41\u901a\u3055\u305b\u3066\u3044\u308b\u81ea\u793e\u30d6\u30e9\u30f3\u30c9\u300cTEMPI\uff08\u3066\u3093\u3074\uff09\u300d\u306f\u3001\u201d\u5929\u65e5\u201d\u3067\u3042\u308a\u3001\u30d9\u30c8\u30ca\u30e0\u4e2d\u90e8\u9ad8\u539f\u306e\u5f37\u70c8\u306a\u65e5\u5c04\u3068\u3001\u65e5\u672c\u3092\u611f\u3058\u308b\u30cd\u30fc\u30df\u30f3\u30b0\u306e\u97ff\u304d\u304b\u3089\u540d\u4ed8\u3051\u307e\u3057\u305f\u3002\u4eba\u3005\u304c\u5b89\u5fc3\u3067\u304d\u308b\u8fb2\u696d\u304c\u3001\u30d9\u30c8\u30ca\u30e0\u3068\u65e5\u672c\u306e\u4e21\u56fd\u306e\u672a\u6765\u3092<br \/>\n\u660e\u308b\u304f\u7167\u3089\u3057\u3066\u3044\u304f\u3002<br \/>\u305d\u306e\u624b\u52a9\u3051\u3092\u3057\u3066\u3044\u304d\u305f\u3044\u3068\u8003\u3048\u3066\u3044\u307e\u3059\u3002<\/p>\n<\/div>\n<\/div>\n<\/section>\n<section id=\"sec02\">\n<div class=\"inner_box\">\n<h3>FUV\u304c\u76ee\u6307\u3059\u3068\u3053\u308d\u3001<br class=\"sp_only\">\u5b9f\u73fe\u3057\u305f\u3044\u3053\u3068<\/h3>\n<div class=\"txt mb40\">\n<p><img decoding=\"async\" src=\"https:\/\/www.muchachaen.jp\/images\/fu-venture\/img_02.jpg\" alt=\"\"><\/p>\n<p><!--\n\n<h4>\u30aa\u30fc\u30ac\u30cb\u30c3\u30af\u304c\u5f53\u305f\u308a\u524d\u306e\u66ae\u3089\u3057\u3092<\/h4>\n\n--><\/p>\n<p>\u4eca\u304b\u308920\u5e74\u307b\u3069\u524d\u3001\u65e5\u672c\u306e\u5730\u57df\u9ad8\u9f62\u5316\u306b\u5bfe\u3057\u3066\u65b0\u898f\u5c31\u8fb2\u8005\u306e\u53d7\u5165\u308c\u3092\u9032\u3081\u308b\u3082\u8ffd\u3044\u3064\u304b\u305a\u30012000\u5e74\u306bNPO\u7814\u4fee\u751f\u62db\u8058\u5354\u4f1a\u3092\u8a2d\u7acb\u3057\u3066\u5916\u56fd\u4eba\u6280\u80fd\u5b9f\u7fd2\u751f\u306e\u53d7\u5165\u308c\u3092\u306f\u3058\u3081\u307e\u3057\u305f\u3002<br \/>\u3057\u304b\u3057\u3001\u65e5\u672c\u5404\u5730\u3067\u591a\u304f\u306e\u5916\u56fd\u4eba\u52b4\u50cd\u8005\u304c\u6d3b\u8e8d\u3059\u308b\u53cd\u9762\u3001\u6280\u80fd\u5b9f\u7fd2\u751f\u5236\u5ea6\u306b\u95a2\u3057\u3066\u306f\u3001\u56fd\u5185\u5916\u304b\u3089\u53b3\u3057\u3044\u76ee\u304c\u6ce8\u304c\u308c\u308b\u73fe\u5b9f\u306b\u76f4\u9762\u3057\u307e\u3057\u305f\u3002<br \/>\u3053\u306e\u72b6\u6cc1\u3092\u6539\u5584\u3059\u3079\u304f\u3001\u30af\u30ea\u30fc\u30f3\u306a\u6280\u80fd\u5b9f\u7fd2\u5236\u5ea6\u69cb\u7bc9\u306e\u305f\u3081\u30012006\u5e74\u304b\u3089\u306f\u30d9\u30c8\u30ca\u30e0\u306e\u30c0\u30af\u30e9\u30af\u7701\u306b\u300c\u6709\u6a5f\u8fb2\u696d\u30bb\u30f3\u30bf\u30fc\u300d\u3092\u69cb\u3048\u3001\u672c\u683c\u7684\u306a\u7814\u4fee\u5236\u5ea6\u3065\u304f\u308a\u3092\u958b\u59cb\u3057\u307e\u3057\u305f\u3002\u30d9\u30c8\u30ca\u30e0\u3092\u9078\u3093\u3060\u7406\u7531\u306f\u300c\u30a2\u30e1\u30ea\u30ab\u306b\u52dd\u3063\u305f\u56fd\u3001\u5b66\u751f\u6642\u4ee3\u306b\u61a7\u308c\u3066\u3044\u305f\u56fd\u3002\u3053\u308c\u307e\u3067\u30a2\u30b8\u30a2\u3092\u6b69\u304d\u307e\u308f\u3063\u305f\u304c\u6700\u3082\u9055\u548c\u611f\u304c\u306a\u304b\u3063\u305f\u3002\u3067\u3082\u4eca\u306f\u3001\u5927\u5909\u306a\u56fd\u306b\u6765\u3066\u3057\u307e\u3063\u305f\u3068\u601d\u3063\u3066\u3044\u308b\u300d\u3002<\/p>\n<p>\u53d6\u308a\u7d44\u307f\u3092\u306f\u3058\u3081\u306612\u5e74\u4ee5\u4e0a\u304c\u7d4c\u3061\u3001\u3053\u308c\u307e\u3067\u7121\u8336\u3005\u5712\u3084\u738b\u96a0\u5802\u8fb2\u5712\u3001\u3084\u3055\u304b\u5171\u540c\u8fb2\u5834\u3001\u305d\u3057\u3066\u6c83\u571f\u4f1a\u306a\u3069\u3001\u305d\u306e\u4ed6\u306e\u65e5\u672c\u3067\u4fe1\u983c\u3067\u304d\u308b\u751f\u7523\u8005\u306e\u3082\u3068\u3067\u8fb2\u696d\u3092\u5b66\u3093\u3060\u5b9f\u7fd2\u751f\u306f100\u540d\u4ee5\u4e0a\u3002\u305d\u3093\u306a\u5f7c\u3089\u3068\u5171\u306b\u3001\u79c1\u305f\u3061\u306f\u3053\u308c\u304b\u3089\u3082\u53d6\u7d44\u307f\u3092\u7d9a\u3051\u3066\u3044\u304d\u307e\u3059\u3002<\/p>\n<p class=\"name\">2021\u5e748\u6708<br \/>\nFarmers Union Venture Co.,Ltd.<br \/>\n\u4ee3\u8868\u53d6\u7de0\u5f79\u793e\u9577\u3000\u7247\u5c71 \u5143\u6cbb<\/p>\n<\/div>\n<p><a href=\"https:\/\/www.muchachaen.jp\/?cat=9\" class=\"friends_btn_gray\">\u30b3\u30e9\u30e0\u300c\u308f\u3057\u3089\u306e\u8fb2\u696d\u300d\u3092\u8aad\u3080<\/a><\/p>\n<\/div>\n<\/section>\n<section id=\"sec02\" class=\"bo_none\">\n<div class=\"inner_box\">\n<h3>\u4f1a\u793e\u6982\u8981<\/h3>\n<dl>\n<dt>\u4ee3\u8868\u8005<\/dt>\n<dd>\u4ee3\u8868\u53d6\u7de0\u5f79\u3000\u7247\u5c71 \u5143\u6cbb<\/dd>\n<dt>\u8a2d\u7acb<\/dt>\n<dd>2008\u5e746\u670815\u65e5<\/dd>\n<dt>\u8cc7\u672c\u91d1<\/dt>\n<dd>1000\u4e07\u5186<\/dd>\n<dt>\u4e8b\u696d\u5185\u5bb9<\/dt>\n<dd>\u8fb2\u7523\u7269\u30fb\u305d\u306e\u52a0\u5de5\u54c1\u306e\u8f38\u51fa\u5165\u30fb\u305d\u306e\u751f\u7523\u30fb<br class=\"pc_only\">\u52a0\u5de5\u59d4\u8a17\u3068\u56fd\u5185\u8ca9\u58f2<br \/>\u65e5\u672c\u8fb2\u696d\u96c6\u56e3\u6d77\u3092\u6e21\u308b\u30cd\u30c3\u30c8\u30ef\u30fc\u30af<br \/>\u8fb2\u696d\u8005\u306e\u56fd\u5883\u3092\u8d8a\u3048\u305f\u4e8b\u696d\u9023\u5e2f<\/p>\n<\/dd>\n<\/dl>\n<dl>\n<dt>\u53d6\u6271\u54c1\u76ee<\/dt>\n<dd>\u6709\u6a5f\u91ce\u83dc\u5168\u822c\u30fb\u30b3\u30b7\u30e7\u30a6\u30fb\u30b3\u30fc\u30d2\u30fc\u30fb\u30ab\u30ab\u30aa\u7b49<\/dd>\n<dt>\u5f93\u696d\u54e1\u6570<\/dt>\n<dd>9\u540d\uff082019\u5e749\u6708\u73fe\u5728\uff09<\/dd>\n<dt>\u6240\u5728\u5730<\/dt>\n<dd>Km9,QL26,P.T\u00e2n Ho\u00e0,Th\u00e0nh ph\u1ed1 Bu\u00f4n Ma Thu\u1ed9t,T\u1ec9nh \u0110\u1eafk L\u1eafk,Vi\u1ec7t Nam<br \/>[<a href=\"https:\/\/goo.gl\/maps\/EJXdv5p2hsahvv9t6\" target=\"_blank\" rel=\"noopener noreferrer\">map<\/a>]<\/dd>\n<\/dl>\n<div style=\"clear: both;\" class=\"mb40\"><\/div>\n<div class=\"txt\">\n<p class=\"mb40\"><img decoding=\"async\" src=\"https:\/\/www.muchachaen.jp\/images\/fu-venture\/img_08.jpg\" alt=\"\"><\/p>\n<p><a href=\"https:\/\/tempi.jp\/vn?fbclid=IwAR0TMkykscV06OAR60uuaemNro6iDkxUSuSiP2XcPa18irtbdFQ9oNJfFRg\" class=\"friends_btn_gray\">\u30d9\u30c8\u30ca\u30e0\u5411\u3051\u30db\u30fc\u30e0\u30da\u30fc\u30b8<\/a><\/p>\n<\/div>\n<\/div>\n<\/section>\n<section id=\"sec03\">\n<div class=\"inner_box\">\n<p class=\"ttl\">\u30c0\u30af\u30e9\u30af\u7701\u30d0\u30f3\u30e1\u30c8\u30fc\u30c8\u5e02<\/p>\n<div class=\"txt\">\n<p class=\"img\"><img decoding=\"async\" src=\"https:\/\/www.muchachaen.jp\/images\/fu-venture\/img_03.jpg\" alt=\"\"><\/p>\n<p>\u79c1\u305f\u3061\u306e\u8fb2\u5834\u306f\u30d9\u30c8\u30ca\u30e0\u4e2d\u90e8\u9ad8\u539f\u5730\u5e2f\u306e\u30c0\u30af\u30e9\u30af\u7701\u30d0\u30f3\u30e1\u30c8\u30fc\u30c8\u5e02\u5185\u306b\u3042\u308a\u307e\u3059\u3002<br \/>\u71b1\u5e2f\u6027\u6c17\u5019\u3067\u3042\u308a\u306a\u304c\u3089\u6a19\u9ad8550m\u306b\u4f4d\u7f6e\u3059\u308b\u305f\u3081\u3001\u5e74\u9593\u5e73\u5747\u6c17\u6e29\u306f27\u2103\u3068\u3001\u30d9\u30c8\u30ca\u30e0\u56fd\u5185\u3067\u306f\u51b7\u6dbc\u3067\u904e\u3054\u3057\u6613\u3044\u5730\u57df\u3067\u3059\u3002<\/p>\n<p>\u307e\u305f\u3001\u7a7a\u6e2f\u304b\u3089\u8fb2\u5834\u8fc4\u306f\u8eca\u306710\u5206\u3068\u30a2\u30af\u30bb\u30b9\u304c\u3088\u304f\u56fd\u9053\u306b\u9762\u3057\u3066\u304a\u308a\u3001\u975e\u5e38\u306b\u826f\u3044\u7acb\u5730\u3068\u8a00\u3048\u307e\u3059\u3002<\/p>\n<\/div>\n<\/section>\n<section id=\"sec05\">\n<div class=\"inner_box\">\n<h3>\u30d5\u30a1\u30fc\u30de\u30fc\u30ba\u30e6\u30cb\u30aa\u30f3<br class=\"sp_only\">\u30d9\u30f3\u30c1\u30e3\u30fc\u306e\u4ed5\u4e8b<\/h3>\n<div class=\"txt mb60\">\n<p>\u8fb2\u5834\u306e\u6577\u5730\u9762\u7a4d\u306f5000\u33a1\u3001\u501f\u5730\u3092\u542b\u3081\u308b\u30681ha\u3068\u306a\u308a\u307e\u3059\u3002\u5f93\u696d\u54e1\u6570\u306f9\u540d\u3002\u3053\u308c\u306b3\uff5e6\u540d\u307b\u3069\u306e\u5b9f\u7fd2\u751f\u304c\u52a0\u308f\u308a\u5b9f\u7fd2\u3092\u884c\u3063\u3066\u3044\u307e\u3059\u3002<br \/>\u4e3b\u306a\u751f\u7523\u7269\u306f\u30ad\u30e5\u30a6\u30ea\u30fb\u30b4\u30fc\u30e4\u30fb\u30a4\u30f3\u30b2\u30f3\u30de\u30e1\u30fb\u30ca\u30b9\u30fb\u30c8\u30a6\u30e2\u30ed\u30b3\u30b7\u3068\u3001\u9d8f\u5375\u3067\u3059\u3002\u3053\u306e\u4ed6\u3001\u6628\u5e74\u3088\u308a\u80e1\u6912\u30fb\u30ab\u30ab\u30aa\u30fb\u30a2\u30dc\u30ab\u30c9\u30fb\u30c9\u30ea\u30a2\u30f3\u7b49\u306e\u679c\u6a39\u683d\u57f9\u3092\u958b\u59cb\u3057\u3066\u3044\u307e\u3059\u3002<br \/>\u307e\u305f\u3001\u30b3\u30b7\u30e7\u30a6\u3084\u30ab\u30ab\u30aa\u7b49\u306e\u751f\u7523\u7ba1\u7406\u304b\u3089\u8f38\u51fa\u4e8b\u696d\u3001\u3053\u308c\u304b\u3089\u65e5\u672c\u306b\u6e21\u822a\u3059\u308b\u6280\u80fd\u5b9f\u7fd2\u751f\u306e\u30c8\u30ec\u30fc\u30cb\u30f3\u30b0\u3001\u5730\u57df\u8cc7\u6e90\u306e\u5546\u54c1\u5316\u306a\u3069\u306e\u6d3b\u52d5\u3092\u884c\u3063\u3066\u3044\u307e\u3059\u3002\n<\/p>\n<p class=\"img\"><img decoding=\"async\" src=\"https:\/\/www.muchachaen.jp\/images\/fu-venture\/img_04_1.jpg\" alt=\"\"><\/p>\n<p class=\"img\"><img decoding=\"async\" src=\"https:\/\/www.muchachaen.jp\/images\/fu-venture\/img_04_2.jpg\" alt=\"\"><\/p>\n<\/div>\n<\/div>\n<\/section>\n<section id=\"sec04\">\n<div class=\"inner_box\">\n<h3>\u65e5\u672c\u4eba\u5411\u3051\u306e\u8996\u5bdf\u53d7\u5165\u3082<br class=\"sp_only\">\u3084\u3063\u3066\u304a\u308a\u307e\u3059\u3002<\/h3>\n<div class=\"txt\">\n<p>\u30d9\u30c8\u30ca\u30e0\u3067\u306e\u8fb2\u696d\u306b\u8208\u5473\u306e\u3042\u308b\u65b9\u3092<br class=\"pc_only\">\u5bfe\u8c61\u306b\u8996\u5bdf\u53d7\u5165\u3092\u3057\u3066\u304a\u308a\u307e\u3059\u3002<\/p>\n<\/p><\/div>\n<div class=\"box_contact\">\n<div class=\"ttl\">\u8a73\u3057\u304f\u306f<br \/><span>\u30d5\u30a1\u30fc\u30de\u30fc\u30ba\u30e6\u30cb\u30aa\u30f3<br class=\"sp_only\">\u30d9\u30f3\u30c1\u30e3\u30fc<\/span>\u306b<span><br \/>\u304a\u554f\u3044\u5408\u308f\u305b\u304f\u3060\u3055\u3044\u3002<\/span><\/div>\n<p>\t\t\t\t\t\t\t<a href=\"https:\/\/www.muchachaen.jp\/?page_id=51\"><span>\u30e1\u30fc\u30eb\u3067\u306e\u304a\u554f\u3044\u5408\u308f\u305b\u306f\u3053\u3061\u3089<\/span><\/a>\n\t\t\t\t\t\t<\/div>\n<\/p><\/div>\n<\/section><\/div>\n<p><!--\/.boxList-->\n      <\/div>\n<p><!--\/.boxListWrap-->\n    <\/div>\n<p><!--\/.boxNews01-->\n  <\/div>\n<p><!--\/.boxContent-->\n<\/div>\n<p><!--\/#container--><\/p>\n","protected":false},"excerpt":{"rendered":"<p>\u30d5\u30a1\u30fc\u30de\u30fc\u30ba\u30e6\u30cb\u30aa\u30f3\u30d9\u30f3\u30c1\u30e3\u30fc Farmers Union Venture Co.,Ltd HOME &gt; \u30d5\u30a1\u30fc\u30de\u30fc\u30ba\u30e6\u30cb\u30aa\u30f3\u30d9\u30f3\u30c1\u30e3\u30fc \u30d9\u30c8\u30ca\u30e0\u306b\u304a\u3051\u308b\u5b89\u5168\u30fb\u5b89\u5fc3\u306a\u8fb2\u696d\u306e\u666e\u53ca\u3068\u8ab0\u3082\u304c\u4e3b\u5f79\u306b\u306a\u308c\u308b\u30d3\u30b8\u30cd\u30b9\u3092 \u30d5\u30a1\u30fc &hellip; <a href=\"https:\/\/www.muchachaen.jp\/?page_id=5289\">\u7d9a\u304d\u3092\u8aad\u3080 <span class=\"meta-nav\">&rarr;<\/span><\/a><\/p>\n","protected":false},"author":3,"featured_media":0,"parent":0,"menu_order":0,"comment_status":"closed","ping_status":"closed","template":"page-temp2019.php","meta":{"_acf_changed":false,"inline_featured_image":false,"_monsterinsights_skip_tracking":false,"_monsterinsights_sitenote_active":false,"_monsterinsights_sitenote_note":"","_monsterinsights_sitenote_category":0,"footnotes":""},"class_list":["post-5289","page","type-page","status-publish","hentry"],"acf":[],"aioseo_notices":[],"_links":{"self":[{"href":"https:\/\/www.muchachaen.jp\/index.php?rest_route=\/wp\/v2\/pages\/5289","targetHints":{"allow":["GET"]}}],"collection":[{"href":"https:\/\/www.muchachaen.jp\/index.php?rest_route=\/wp\/v2\/pages"}],"about":[{"href":"https:\/\/www.muchachaen.jp\/index.php?rest_route=\/wp\/v2\/types\/page"}],"author":[{"embeddable":true,"href":"https:\/\/www.muchachaen.jp\/index.php?rest_route=\/wp\/v2\/users\/3"}],"replies":[{"embeddable":true,"href":"https:\/\/www.muchachaen.jp\/index.php?rest_route=%2Fwp%2Fv2%2Fcomments&post=5289"}],"version-history":[{"count":41,"href":"https:\/\/www.muchachaen.jp\/index.php?rest_route=\/wp\/v2\/pages\/5289\/revisions"}],"predecessor-version":[{"id":15050,"href":"https:\/\/www.muchachaen.jp\/index.php?rest_route=\/wp\/v2\/pages\/5289\/revisions\/15050"}],"wp:attachment":[{"href":"https:\/\/www.muchachaen.jp\/index.php?rest_route=%2Fwp%2Fv2%2Fmedia&parent=5289"}],"curies":[{"name":"wp","href":"https:\/\/api.w.org\/{rel}","templated":true}]}}